{"id":23,"date":"2016-02-12T08:12:49","date_gmt":"2016-02-12T08:12:49","guid":{"rendered":"http:\/\/demos.famethemes.com\/onepress-oneify\/?page_id=23"},"modified":"2020-09-05T14:35:37","modified_gmt":"2020-09-05T12:35:37","slug":"service-title-1","status":"publish","type":"page","link":"https:\/\/ekoinvest.com.pl\/index.php\/service-title-1\/","title":{"rendered":"<p align=\"justify\">Oceny \u015brodowiskowe, nadz\u00f3r procesu wydania decyzji<\/p>"},"content":{"rendered":"\n<ul align=\"left\"><li>wnioski o wydanie decyzji o \u015brodowiskowych uwarunkowaniach,<\/li><li>karty informacyjne przedsi\u0119wzi\u0119\u0107,<\/li><li>raporty o oddzia\u0142ywaniu przedsi\u0119wzi\u0119\u0107 na \u015brodowisko,<\/li><li>raporty o oddzia\u0142ywaniu przedsi\u0119wzi\u0119\u0107 na obszary chronione NATURA 2000,<\/li><li>analizy po realizacji przedsi\u0119wzi\u0119\u0107,<\/li><li>prognozy i programy \u015brodowiskowe.<br>&nbsp;<br>&nbsp;<br>&nbsp;<br>&nbsp;<br>&nbsp;<\/li><\/ul>\n\n\n\n<p><\/p>\n","protected":false},"excerpt":{"rendered":"<p>wnioski o wydanie decyzji o \u015brodowiskowych uwarunkowaniach, karty informacyjne przedsi\u0119wzi\u0119\u0107, raporty o oddzia\u0142ywaniu przedsi\u0119wzi\u0119\u0107 na \u015brodowisko, raporty o oddzia\u0142ywaniu przedsi\u0119wzi\u0119\u0107 na obszary chronione NATURA 2000, analizy po realizacji przedsi\u0119wzi\u0119\u0107, prognozy &#8230;<\/p>\n","protected":false},"author":2,"featured_media":0,"parent":0,"menu_order":0,"comment_status":"closed","ping_status":"closed","template":"","meta":{"footnotes":""},"class_list":["post-23","page","type-page","status-publish","hentry"],"_links":{"self":[{"href":"https:\/\/ekoinvest.com.pl\/index.php\/wp-json\/wp\/v2\/pages\/23","targetHints":{"allow":["GET"]}}],"collection":[{"href":"https:\/\/ekoinvest.com.pl\/index.php\/wp-json\/wp\/v2\/pages"}],"about":[{"href":"https:\/\/ekoinvest.com.pl\/index.php\/wp-json\/wp\/v2\/types\/page"}],"author":[{"embeddable":true,"href":"https:\/\/ekoinvest.com.pl\/index.php\/wp-json\/wp\/v2\/users\/2"}],"replies":[{"embeddable":true,"href":"https:\/\/ekoinvest.com.pl\/index.php\/wp-json\/wp\/v2\/comments?post=23"}],"version-history":[{"count":65,"href":"https:\/\/ekoinvest.com.pl\/index.php\/wp-json\/wp\/v2\/pages\/23\/revisions"}],"predecessor-version":[{"id":1536,"href":"https:\/\/ekoinvest.com.pl\/index.php\/wp-json\/wp\/v2\/pages\/23\/revisions\/1536"}],"wp:attachment":[{"href":"https:\/\/ekoinvest.com.pl\/index.php\/wp-json\/wp\/v2\/media?parent=23"}],"curies":[{"name":"wp","href":"https:\/\/api.w.org\/{rel}","templated":true}]}}