{"id":1249,"date":"2020-09-01T15:38:57","date_gmt":"2020-09-01T15:38:57","guid":{"rendered":"http:\/\/ekoinvi.cluster023.hosting.ovh.net\/?page_id=1249"},"modified":"2025-09-18T14:44:18","modified_gmt":"2025-09-18T12:44:18","slug":"laboratorium-pomiaru-halasu","status":"publish","type":"page","link":"https:\/\/ekoinvest.com.pl\/index.php\/laboratorium-pomiaru-halasu\/","title":{"rendered":"Laboratorium pomiaru ha\u0142asu"},"content":{"rendered":"\n<div class=\"wp-block-group\"><div class=\"wp-block-group__inner-container is-layout-flow wp-block-group-is-layout-flow\">\n<p align=\"justify\">Nasza firma specjalizuje si\u0119 w profesjonalnych pomiarach i badaniach akustycznych, w szczeg\u00f3lno\u015bci dotycz\u0105cych obowi\u0105zuj\u0105cych regulacji prawnych w obszarach ochrony \u015brodowiska. Wszystkie badania realizowane s\u0105 w naszym niezale\u017cnym laboratorium. <b>Laboratorium dzia\u0142a na terenie ca\u0142ego kraju.<\/b><\/p>\n\n\n\n<div class=\"wp-block-columns is-layout-flex wp-container-core-columns-is-layout-9d6595d7 wp-block-columns-is-layout-flex\">\n<div class=\"wp-block-column is-layout-flow wp-block-column-is-layout-flow\">\n<p align=\"justify\"><b><i>EKOINVEST Bartosz Jeszke Laboratorium Pomiar\u00f3w Ha\u0142asu<\/i><\/b> posiada certyfikat <a target=\"_blank\" href=\"https:\/\/www.pca.gov.pl\/\" rel=\"noopener noreferrer\"><i><b>Polskiego Centrum Akredytacji<\/b><\/i><\/a> Nr AB 1667, potwierdzaj\u0105cy kompetencje do prowadzenia pomiar\u00f3w ha\u0142asu pochodz\u0105cego od instalacji, urz\u0105dze\u0144 i zak\u0142ad\u00f3w przemys\u0142owych.<\/p>\n<p align=\"justify\">\nAkredytowane pomiary ha\u0142asu wykonywane s\u0105 w oparciu o aktualne normy, metodyki referencyjne oraz wymagania prawne w zgodnie z polityk\u0105 jako\u015bci laboratorium.\n<\/p>\n<p align=\"justify\">\nPomiary wykonywane s\u0105 przy u\u017cyciu analizator\u00f3w d\u017awi\u0119ku firmy <a target=\"_blank\" href=\"https:\/\/svantek.com\/lang-pl\/\" rel=\"noopener noreferrer\"><b><i>Svantek<\/i><\/b><\/a> wraz z oprogramowaniem i wyposa\u017ceniem dodatkowym.\n<\/p>\n<p align=\"justify\">\nW sekcji <i><b>Pliki do pobrania<\/b><\/i> udost\u0119pniamy zlecenie pomiar\u00f3w oraz kart\u0119 oceny laboratorium. Aby zam\u00f3wi\u0107 pomiary w Pa\u0144stwa firmie prosimy o kontakt telefoniczny w celu ustalenia szczeg\u00f3\u0142\u00f3w a nast\u0119pnie wype\u0142nienie formularza  zlecenia i odes\u0142ania go do nas na adres <a href=\"mailto:lab@ekoinvest.com.pl\">lab@ekoinvest.com.pl.<\/a> Gwarantujemy szybkie terminy realizacji i profesjonaln\u0105 obs\u0142ug\u0119. Po wykonanym badaniu otrzymaj\u0105 Pa\u0144stwo kart\u0119 oceny laboratorium, jej wype\u0142nienie i odes\u0142anie do nas pozwoli nam na zapewnienie najwy\u017cszej jako\u015bci us\u0142ug i ci\u0105g\u0142e doskonalenie.\n<\/p>\n\n\n\n<p><\/p>\n<\/div>\n\n\n\n<div class=\"wp-block-column is-layout-flow wp-block-column-is-layout-flow\">\n<p><b><i>Pliki do pobrania<\/i><\/b><\/p><ul>\n<li>\n<a href=\"https:\/\/www.pca.gov.pl\/akredytowane-podmioty\/akredytacje-aktywne\/laboratoria-badawcze\/AB%201667,podmiot.html\" target=\"_blank\" rel=\"noopener\">Zakres akredytacji (certyfikat AB 1667)<\/a><\/li>\n<li><a href=\"https:\/\/ekoinvest.com.pl\/wp-content\/uploads\/2022\/08\/Polityka.pdf\" target=\"_blank\" rel=\"noopener\">Polityka jako\u015bci laboratorium<\/a><\/li>\n<li><a href=\"https:\/\/ekoinvest.com.pl\/wp-content\/uploads\/2025\/09\/Umowa.pdf\" target=\"_blank\" rel=\"noopener\">Umowa zlecenie o wykonanie pomiar\u00f3w<\/a><\/li>\n<li><a href=\"https:\/\/ekoinvest.com.pl\/wp-content\/uploads\/2022\/08\/Ocena.pdf\" target=\"_blank\" rel=\"noopener\">Karta oceny laboratorium<\/a><\/li>\n<\/ul>\n<\/div>\n<\/div>\n\n\n\n<p><\/p>\n<\/div><\/div>\n\n\n\n<p><\/p>\n","protected":false},"excerpt":{"rendered":"<p>Nasza firma specjalizuje si\u0119 w profesjonalnych pomiarach i badaniach akustycznych, w szczeg\u00f3lno\u015bci dotycz\u0105cych obowi\u0105zuj\u0105cych regulacji prawnych w obszarach ochrony \u015brodowiska. Wszystkie badania realizowane s\u0105 w naszym niezale\u017cnym laboratorium. Laboratorium dzia\u0142a &#8230;<\/p>\n","protected":false},"author":1,"featured_media":0,"parent":0,"menu_order":0,"comment_status":"closed","ping_status":"closed","template":"template-fullwidth.php","meta":{"footnotes":""},"class_list":["post-1249","page","type-page","status-publish","hentry"],"_links":{"self":[{"href":"https:\/\/ekoinvest.com.pl\/index.php\/wp-json\/wp\/v2\/pages\/1249","targetHints":{"allow":["GET"]}}],"collection":[{"href":"https:\/\/ekoinvest.com.pl\/index.php\/wp-json\/wp\/v2\/pages"}],"about":[{"href":"https:\/\/ekoinvest.com.pl\/index.php\/wp-json\/wp\/v2\/types\/page"}],"author":[{"embeddable":true,"href":"https:\/\/ekoinvest.com.pl\/index.php\/wp-json\/wp\/v2\/users\/1"}],"replies":[{"embeddable":true,"href":"https:\/\/ekoinvest.com.pl\/index.php\/wp-json\/wp\/v2\/comments?post=1249"}],"version-history":[{"count":69,"href":"https:\/\/ekoinvest.com.pl\/index.php\/wp-json\/wp\/v2\/pages\/1249\/revisions"}],"predecessor-version":[{"id":1603,"href":"https:\/\/ekoinvest.com.pl\/index.php\/wp-json\/wp\/v2\/pages\/1249\/revisions\/1603"}],"wp:attachment":[{"href":"https:\/\/ekoinvest.com.pl\/index.php\/wp-json\/wp\/v2\/media?parent=1249"}],"curies":[{"name":"wp","href":"https:\/\/api.w.org\/{rel}","templated":true}]}}